{"id":374,"date":"2020-03-11T16:21:12","date_gmt":"2020-03-11T15:21:12","guid":{"rendered":"http:\/\/mariachiveracruz.es\/?page_id=374"},"modified":"2020-11-19T13:18:11","modified_gmt":"2020-11-19T12:18:11","slug":"politica-de-privacidad","status":"publish","type":"page","link":"https:\/\/mariachiveracruz.es\/index.php\/politica-de-privacidad\/","title":{"rendered":"Politica de privacidad"},"content":{"rendered":"<p>[et_pb_section fb_built=\u00bb1&#8243; _builder_version=\u00bb4.3.4&#8243;][et_pb_row _builder_version=\u00bb4.3.4&#8243; custom_padding=\u00bb50px|||||\u00bb][et_pb_column type=\u00bb4_4&#8243; _builder_version=\u00bb4.3.4&#8243;][et_pb_text _builder_version=\u00bb4.3.4&#8243; text_text_color=\u00bb#000000&#8243; link_text_color=\u00bb#000000&#8243; header_font=\u00bb|700|||||||\u00bb header_text_color=\u00bb#000000&#8243; header_font_size=\u00bb39px\u00bb header_letter_spacing=\u00bb2px\u00bb header_line_height=\u00bb1.2em\u00bb header_2_text_color=\u00bb#000000&#8243; custom_padding=\u00bb63px|||||\u00bb]<\/p>\n<h1>Pol\u00edtica de Privacidad<\/h1>\n<p>&nbsp;<\/p>\n<p>En cumplimiento del art\u00edculo 10 de la Ley 34\/2002, de 11 de julio, de servicios de la Sociedad de la Informaci\u00f3n y Comercio Electr\u00f3nico, a continuaci\u00f3n se exponen los datos identificativos del Titular:<\/p>\n<ul>\n<li>Web: https:\/\/<a href=\"http:\/\/mariachiveracruz.es\/\">mariachiveracruz.es\/<\/a><\/li>\n<li>Titular:\u00a0Aldo Gonzalo C\u00e1mara Atristain<\/li>\n<li>N.I.E.: Y0136687N<\/li>\n<li>Correo electr\u00f3nico: <a href=\"mailto:info@traduccionlan.com\">info@mariachiveracruz.es<\/a><\/li>\n<\/ul>\n<p>&nbsp;<\/p>\n<p>[\/et_pb_text][et_pb_text _builder_version=\u00bb4.3.4&#8243; text_text_color=\u00bb#000000&#8243; link_text_color=\u00bb#000000&#8243; header_font=\u00bb|600|||||||\u00bb header_text_color=\u00bb#000000&#8243; header_font_size=\u00bb39px\u00bb header_letter_spacing=\u00bb2px\u00bb header_2_font=\u00bb|600|||||||\u00bb header_2_text_color=\u00bb#000000&#8243; header_2_line_height=\u00bb1.4em\u00bb]<\/p>\n<h2>1. \u00bfQui\u00e9n es el responsable del tratamiento de tus datos?<\/h2>\n<p><span style=\"font-size: 14px;\"><\/span><\/p>\n<p><span style=\"font-size: 14px;\">El responsable del tratamiento de sus datos personales es Aldo Gonzalo C\u00e1mara Atristain, con N.I.E. Y0136687N, y domicilio social en Calle de Bravo Murillo 137 1B, 28020 Madrid, ESPA\u00d1A.<\/span><\/p>\n<p>Le informamos que la titularidad del dominio de nuestra web \u00abMariachi Veracruz\u00bb, www.mariachiveracruz.es (en adelante el \u201cSitio Web\u201d), es propiedad de\u00a0Aldo Gonzalo C\u00e1mara Atristain.<\/p>\n<p>El acceso y\/o uso al Sitio Web le atribuye la condici\u00f3n de Usuario (en adelante, el \u201cUsuario\u201d), e implica la aceptaci\u00f3n desde dicho acceso y\/o uso, de la presente Pol\u00edtica de Privacidad.<\/p>\n<p>El Usuario podr\u00e1 contactar en la siguiente direcci\u00f3n de correo electr\u00f3nico:\u00a0<a href=\"mailto:info@traduccionlan.com\">info@mariachiveracruz.es<\/a>.<\/p>\n<h1><\/h1>\n<p>&nbsp;<\/p>\n<h2>2. \u00bfCu\u00e1l es la legitimaci\u00f3n para el tratamiento de tus datos?<\/h2>\n<p><span style=\"font-size: 14px;\"><\/span><\/p>\n<p><span style=\"font-size: 14px;\">La base legal para el tratamiento de sus datos personales puede ser la ejecuci\u00f3n de una relaci\u00f3n contractual potencial y\/o suscrita, el inter\u00e9s leg\u00edtimo, la habilitaci\u00f3n legal y\/o el consentimiento del propio interesado. Los datos que le solicitamos son adecuados, pertinentes y estrictamente necesarios y en ning\u00fan caso est\u00e1 obligado a facilit\u00e1rnoslos, pero su no comunicaci\u00f3n podr\u00e1 afectar a la finalidad del servicio o la imposibilidad de prestarlo.<\/span><\/p>\n<p>&nbsp;<\/p>\n<h2>3. \u00bfCu\u00e1les son las finalidades del tratamiento de tus datos de car\u00e1cter personal por parte de \u00abMariachi Veracruz\u00bb?<\/h2>\n<p><span style=\"font-size: 14px;\"><\/span><\/p>\n<p><span style=\"font-size: 14px;\">Tratamiento de datos de car\u00e1cter personal por parte de \u00abMariachi Veracruz\u00bb.<\/span><\/p>\n<p>Sus datos de car\u00e1cter personal recabados por Aldo Gonzalo C\u00e1mara Atristain podr\u00e1n ser utilizados para las siguientes finalidades:<\/p>\n<ul>\n<li>La prestaci\u00f3n de los servicios ofrecidos en el Sitio Web<\/li>\n<li>Enviar comunicaciones comerciales perfiladas de \u00abMariachi Veracruz\u00bb sobre sus servicios mediante carta, tel\u00e9fono, correo electr\u00f3nico, SMS, MMS, notificaciones push o por otros medios de comunicaci\u00f3n electr\u00f3nica equivalentes siempre y cuando el Usuario haya consentido el tratamiento de sus datos personales con esta finalidad.<\/li>\n<\/ul>\n<p>Asimismo, el Usuario consiente el tratamiento de sus datos para la elaboraci\u00f3n de perfiles, as\u00ed como para la segmentaci\u00f3n de sus datos. Los citados tratamientos pueden tener como finalidad tanto el an\u00e1lisis y realizaci\u00f3n de estad\u00edsticas para conocer el tr\u00e1fico y utilizaci\u00f3n del Sitio Web por parte de los Usuarios, como la determinaci\u00f3n de sus gustos y preferencias para remitirle informaci\u00f3n promocional acorde a sus intereses.<\/p>\n<p>No obstante, el Usuario podr\u00e1 revocar el consentimiento, en cada comunicado comercial o publicitario que se le haga llegar, y en cualquier momento, mediante notificaci\u00f3n en la siguiente direcci\u00f3n de correo electr\u00f3nico info@mariachiveracruz.com o mediante carta dirigida a Aldo Gonzalo C\u00e1mara Atristain (Mariachi Veracruz), con domicilio en\u00a0<span>Calle de Bravo Murillo 137 1B, 28020 Madrid, ESPA\u00d1A.<\/span><\/p>\n<p>&nbsp;<\/p>\n<h2>4. \u00bfPor cu\u00e1nto tiempo conservaremos tus datos personales?<\/h2>\n<p><span style=\"font-size: 14px;\"><\/span><\/p>\n<p><span style=\"font-size: 14px;\">Conservaremos los datos del usuario durante el tiempo legalmente establecido o hasta que solicite eliminarlos.<\/span><\/p>\n<p>&nbsp;<\/p>\n<h2>5. Veracidad de los datos facilitados por los Usuarios<\/h2>\n<p><strong style=\"font-size: 16px;\"><\/strong><\/p>\n<p>El Usuario garantiza que los datos personales facilitados son veraces y se hace responsable de comunicar a \u00abMariachi Veracruz\u00bb cualquier modificaci\u00f3n sobre los mismos. El Usuario responder\u00e1, en cualquier caso, de la veracidad de los datos facilitados, reserv\u00e1ndose \u00abMariachi Veracruz\u00bb el derecho a excluir de los Servicios registrados a todo Usuario que haya facilitado datos falsos, sin perjuicio de las dem\u00e1s acciones que procedan en Derecho.<\/p>\n<p>&nbsp;<\/p>\n<h2>6. \u00bfC\u00f3mo he obtenido tus datos?<\/h2>\n<p><span style=\"font-size: 14px;\"><\/span><\/p>\n<p><span style=\"font-size: 14px;\">Los datos personales que trato en \u00abMariachi Veracruz\u00bb proceden de:<\/span><\/p>\n<ul>\n<li>Formulario de contacto<\/li>\n<li>Chat-bot<\/li>\n<li>Formulario de subscripci\u00f3n<\/li>\n<li>Comentarios en blog<\/li>\n<li>Formulario de solicitud de servicios<\/li>\n<\/ul>\n<p>&nbsp;<\/p>\n<h2>7.\u00a0Conservaci\u00f3n de los datos<\/h2>\n<p>&nbsp;<\/p>\n<p>Los datos personales proporcionados se conservar\u00e1n por parte de Aldo Gonzalo C\u00e1mara Atristain, mientras el Usuario no manifieste su voluntad de darse de baja de los servicios de \u00abMariachi Veracruz\u00bb, y ello con la finalidad de recibir informaci\u00f3n sobre productos de la empresa.<\/p>\n<p>&nbsp;<\/p>\n<h2>8.\u00a0Derechos del usuario en relaci\u00f3n con sus datos<\/h2>\n<p>El Usuario tiene derecho a:<\/p>\n<ul>\n<li>Acceder a sus datos personales<\/li>\n<li>Solicitar la rectificaci\u00f3n de los datos inexactos<\/li>\n<li>Solicitar la supresi\u00f3n<\/li>\n<li>Solicitar la limitaci\u00f3n del tratamiento de sus datos<\/li>\n<li>Oponerse al tratamiento de sus datos<\/li>\n<li>Solicitar su portabilidad<\/li>\n<li>Ejercer su derecho al olvido<\/li>\n<\/ul>\n<p>El Usuario puede ejercer todos estos derechos en la siguiente direcci\u00f3n de email info@mariachiveracruz.com, indicando el motivo de su petici\u00f3n y aportando una copia de su D.N.I.<\/p>\n<p>El Usuario puede tambi\u00e9n enviar su petici\u00f3n por correo ordinario a la siguiente direcci\u00f3n:<\/p>\n<p>Aldo Gonzalo C\u00e1mara Atristain (\u00abMariachi Veracruz\u00bb)<\/p>\n<p><span>Calle de Bravo Murillo 137 1B, 28020 Madrid, ESPA\u00d1A.<\/span><\/p>\n<p>Sin perjuicio de cualquier otro recurso administrativo o acci\u00f3n judicial, el Usuario tendr\u00e1 derecho a presentar una reclamaci\u00f3n ante una Autoridad de Control, en particular en el Estado miembro en el que tenga su residencia habitual, lugar de trabajo o lugar de la supuesta infracci\u00f3n, en caso de que considere que el tratamiento de sus datos personales no es adecuado a la normativa, as\u00ed como en le caso de no ver satisfecho el ejercicio de sus derechos. La autoridad de control ante la que se haya presentado la reclamaci\u00f3n informar\u00e1 al reclamante sobre el curso y el resultado de la reclamaci\u00f3n.<\/p>\n<p>&nbsp;<\/p>\n<h2>9.\u00a0Derechos del usuario en relaci\u00f3n con sus datos<\/h2>\n<p>&nbsp;<\/p>\n<p>El Usuario tiene derecho a:<\/p>\n<ul>\n<li>Acceder a sus datos personales<\/li>\n<li>Solicitar la rectificaci\u00f3n de los datos inexactos<\/li>\n<li>Solicitar la supresi\u00f3n<\/li>\n<li>Solicitar la limitaci\u00f3n del tratamiento de sus datos<\/li>\n<li>Oponerse al tratamiento de sus datos<\/li>\n<li>Solicitar su portabilidad<\/li>\n<li>Ejercer su derecho al olvido<\/li>\n<\/ul>\n<p>El Usuario puede ejercer todos estos derechos en la siguiente direcci\u00f3n de email info@mariachiveracruz.com, indicando el motivo de su petici\u00f3n y aportando una copia de su D.N.I.<\/p>\n<p>El Usuario puede tambi\u00e9n enviar su petici\u00f3n por correo ordinario a la siguiente direcci\u00f3n:<\/p>\n<p>Aldo Gonzalo C\u00e1mara Atristain (\u00abMariachi Veracruz\u00bb)<\/p>\n<p><span>Calle de Bravo Murillo 137 1B, 28020 Madrid, ESPA\u00d1A.<\/span><\/p>\n<p><span><\/span><\/p>\n<p>Sin perjuicio de cualquier otro recurso administrativo o acci\u00f3n judicial, el Usuario tendr\u00e1 derecho a presentar una reclamaci\u00f3n ante una Autoridad de Control, en particular en el Estado miembro en el que tenga su residencia habitual, lugar de trabajo o lugar de la supuesta infracci\u00f3n, en caso de que considere que el tratamiento de sus datos personales no es adecuado a la normativa, as\u00ed como en le caso de no ver satisfecho el ejercicio de sus derechos. La autoridad de control ante la que se haya presentado la reclamaci\u00f3n informar\u00e1 al reclamante sobre el curso y el resultado de la reclamaci\u00f3n.<\/p>\n<p>&nbsp;<\/p>\n<h2>10.\u00a0Sistemas de captura de datos personales y su finalidad<\/h2>\n<p><strong>1) Cookies:<\/strong> Cuando el usuario se registra o navega en esta web, se almacenan \u201ccookies\u201d, El usuario puede consultar en cualquier momento la pol\u00edtica de cookies para ampliar informaci\u00f3n sobre el uso de cookies y como desactivarlas.<\/p>\n<p><strong>2) Sistema de chat<\/strong>: los usuarios podr\u00e1n preguntar sus dudas a trav\u00e9s del chat ofrecido en la p\u00e1gina web y gestionado por Collect.Chat<\/p>\n<p><strong>3) Suscripci\u00f3n a contenidos u obtenci\u00f3n de promociones:<\/strong> el usuario podr\u00e1 darse de alta en la lista de suscripci\u00f3n u obtener promociones gestionada por Hustle rellenado su nombre y email.<\/p>\n<p><strong>4) Formulario de contacto para la solicitud de presupuesto:<\/strong> cualquier usuario podr\u00e1 solicitar presupuesto tras rellenar nombre, email, presupuesto mensual, y p\u00e1gina web para la que quieres solicitar presupuesto.<\/p>\n<p><strong>5) Sistemas de rastreo utilizadas en este sitio:<\/strong> Google (Analytics y Tag Manager), en\u00a0https:\/\/<a href=\"http:\/\/mariachiveracruz.es\/\">mariachiveracruz.es\/<\/a> tambi\u00e9n se estudian las preferencias de sus usuarios, sus caracter\u00edsticas demogr\u00e1ficas, sus patrones de tr\u00e1fico, y otra informaci\u00f3n en conjunto para comprender mejor qui\u00e9nes constituyen su audiencia y qu\u00e9 es lo que esta necesita. Puedes conocer la pol\u00edtica de privacidad general de los servicios de Google aqu\u00ed. Adicionalmente, puedes conocer c\u00f3mo utiliza Google la informaci\u00f3n de sitios web o aplicaciones que utilizan sus servicios aqu\u00ed.<\/p>\n<p>El rastreo de las preferencias de nuestros usuarios tambi\u00e9n nos ayuda a mostrarte los avisos publicitarios m\u00e1s relevantes, por medio del uso del producto de Google, Google Adwords. De acuerdo a la pol\u00edtica de privacidad de Google, no recolectan datos personales. Sin embargo, si no quieres que se utilicemos la herramientas de \u201cremarketing\u201d de Google, puedes desactivar esta opci\u00f3n modificando las configuraciones adecuadas aqu\u00ed: https:\/\/adssettings.google.com\/<\/p>\n<p>M\u00e1s informaci\u00f3n de como utiliza Google las cookies en publicidad: https:\/\/policies.google.com\/technologies\/ads?hl=es<\/p>\n<p>Asimismo, nos gustar\u00eda informarle que para la captaci\u00f3n de clientes utilizamos la plataforma publicitaria de Facebook Ads por lo que al generar un anuncio, se puede segmentar el p\u00fablico por el lugar, datos demogr\u00e1ficos, intereses, etc por lo que los datos obtenidos por esta plataforma, estar\u00edan sujetos a esta pol\u00edtica de privacidad desde el momento en que el usuario acepta la pol\u00edtica de cookies y privacidad.<\/p>\n<p>Para brindar una mejor experiencia a nuestra lista de suscriptores y clientes utilizamos sistemas de rastreo de Active Campaign (ver su pol\u00edtica de privacidad) por lo que los datos obtenidos por esta plataforma, estar\u00edan sujetos a esta pol\u00edtica de privacidad desde el momento en que el usuario deja sus datos para unirse al bolet\u00edn de mi comunidad.<\/p>\n<p>No vamos a compartir, vender, alquilar su informaci\u00f3n personal con otras partes. Podemos compartir cierta informaci\u00f3n con los proveedores de servicios de terceros autorizados necesarios para prestar algunos servicios.<\/p>\n<p>\u00a0<span style=\"font-size: 14px;\">\u00a0<\/span><\/p>\n<h2>11. Plugins sociales<\/h2>\n<p>&nbsp;<\/p>\n<p>En nuestro Sitio Web ofrecemos enlaces y servicios relacionados con las diferentes redes sociales ( p.ej \u201cMe gusta\u201d de Facebook). Si eres miembro de una red social y haces clic sobre el correspondiente enlace, el proveedor de la red social podr\u00e1 enlazar sus datos de perfil con la informaci\u00f3n de tu visita a dicha p\u00e1gina web.<\/p>\n<p>Por tanto, es conveniente informarle sobre las funciones y pol\u00edticas sobre el tratamiento de datos personales de la respectiva red social, si accede a una de nuestras p\u00e1ginas web con alguno de tus perfiles en redes sociales o comparte informaci\u00f3n a trav\u00e9s de ellos.<\/p>\n<p>Puede acceder en todo momento a las pol\u00edticas de privacidad de las diferentes redes sociales, as\u00ed como configurar su perfil para garantizar su privacidad. Le animamos a familiarizarse con las condiciones de uso de dichas redes sociales antes de comenzar a usarlas:<\/p>\n<p>Facebook: https:\/\/www.facebook.com\/help\/323540651073243\/<\/p>\n<p>Youtube: http:\/\/www.google.es\/intl\/es\/policies\/privacy\/<\/p>\n<p>Twitter: <a href=\"https:\/\/twitter.com\/privacy\">https:\/\/twitter.com\/privacy<\/a><\/p>\n<p>&nbsp;<\/p>\n<h2>12. Seguridad de datos<\/h2>\n<p>&nbsp;<\/p>\n<p>La protecci\u00f3n de la privacidad y los datos personales de los Usuarios es muy importante para nosotros. Por lo tanto, \u00abMariachi Veracruz\u00bb hace todo lo que est\u00e1 en su mano para impedir que sus datos se utilicen de forma inadecuada, permitiendo el acceso a los mismos \u00fanicamente a personal autorizado.<\/p>\n<p>\u00abMariachi Veracruz\u00bb se compromete a cumplir con el deber de secreto y confidencialidad respecto de los datos personales de acuerdo con la legislaci\u00f3n aplicable, as\u00ed como a conferirles un tratamiento seguro en las cesiones y transferencias internacionales de datos que, en su caso, puedan producirse.<\/p>\n<p>&nbsp;<\/p>\n<h2>13. Cambios<\/h2>\n<p>&nbsp;<\/p>\n<p>\u00abMariachi Veracruz\u00bb se reserva el derecho de revisar su Pol\u00edtica de Privacidad en el momento que considere oportuno. Por esta raz\u00f3n le rogamos que compruebe de forma regular esta Pol\u00edtica de Privacidad para leer la versi\u00f3n m\u00e1s reciente de la misma. No obstante, cualquier cambio que se produzca en la presente Pol\u00edtica de Privacidad se comunicar\u00e1 al Usuario.<\/p>\n<p>&nbsp;<\/p>\n<h2>14. Links a p\u00e1ginas web<\/h2>\n<p>&nbsp;<\/p>\n<p>El Sitio Web, \u00abMariachi Veracruz\u00bb podr\u00eda contener links a p\u00e1ginas web de compa\u00f1\u00edas y entidades de terceros.<\/p>\n<p>\u00abMariachi Veracruz\u00bb no puede hacerse responsable de la forma en la que estas compa\u00f1\u00edas tratan la protecci\u00f3n de la privacidad y de los datos personales, por lo que le aconsejamos que lea detenidamente las declaraciones con relaci\u00f3n al uso, procesamiento y protecci\u00f3n de datos personales. Las condiciones que ofrecen estas p\u00e1ginas web pueden no ser las mismas que ofrece \u00abMariachi Veracruz\u00bb.<\/p>\n<p>&nbsp;<\/p>\n<h2>15. Preguntas<\/h2>\n<p>&nbsp;<\/p>\n<p>Si tienen alguna pregunta sobre esta Pol\u00edtica de Privacidad o el tratamiento de sus datos rogamos que se ponga en contacto con \u00abMariachi Veracruz\u00bb mediante correo electr\u00f3nico dirigido a la siguiente direcci\u00f3n de correo electr\u00f3nico\u00a0<a href=\"mailto:info@traduccionlan.com\">info@mariachiveracruz.es.<\/a><\/p>\n<p>\u00a0<span style=\"font-size: 14px;\">\u00a0<\/span><\/p>\n<h2>16. Aceptaci\u00f3n y consentimiento<\/h2>\n<p>&nbsp;<\/p>\n<p>El Usuario declara haber sido informado de las condiciones sobre protecci\u00f3n de datos personales, aceptando y consintiendo el tratamiento de los mismos por parte de \u00abMariachi Veracruz\u00bb, en la forma y para las finalidades indicadas en la presente Pol\u00edtica de Privacidad.<\/p>\n<p>&nbsp;<\/p>\n<p>[\/et_pb_text][\/et_pb_column][\/et_pb_row][\/et_pb_section]<\/p>\n","protected":false},"excerpt":{"rendered":"<p>[et_pb_section fb_built=\u00bb1&#8243; _builder_version=\u00bb4.3.4&#8243;][et_pb_row _builder_version=\u00bb4.3.4&#8243; custom_padding=\u00bb50px|||||\u00bb][et_pb_column type=\u00bb4_4&#8243; _builder_version=\u00bb4.3.4&#8243;][et_pb_text _builder_version=\u00bb4.3.4&#8243; text_text_color=\u00bb#000000&#8243; link_text_color=\u00bb#000000&#8243; header_font=\u00bb|700|||||||\u00bb header_text_color=\u00bb#000000&#8243; header_font_size=\u00bb39px\u00bb header_letter_spacing=\u00bb2px\u00bb header_line_height=\u00bb1.2em\u00bb header_2_text_color=\u00bb#000000&#8243; custom_padding=\u00bb63px|||||\u00bb] Pol\u00edtica de Privacidad &nbsp; En cumplimiento del art\u00edculo 10 de la Ley 34\/2002, de 11 de julio, de servicios de la Sociedad de la Informaci\u00f3n y Comercio Electr\u00f3nico, a continuaci\u00f3n se exponen los datos identificativos del Titular: Web: [&hellip;]<\/p>\n","protected":false},"author":1,"featured_media":0,"parent":0,"menu_order":0,"comment_status":"closed","ping_status":"closed","template":"","meta":{"_et_pb_use_builder":"on","_et_pb_old_content":"","_et_gb_content_width":"","footnotes":""},"class_list":["post-374","page","type-page","status-publish","hentry"],"yoast_head":"<!-- This site is optimized with the Yoast SEO plugin v27.5 - https:\/\/yoast.com\/product\/yoast-seo-wordpress\/ -->\n<title>Politica de privacidad - Marichis en Madrid<\/title>\n<meta name=\"robots\" content=\"noindex, nofollow\" \/>\n<meta property=\"og:locale\" content=\"es_ES\" \/>\n<meta property=\"og:type\" content=\"article\" \/>\n<meta property=\"og:title\" content=\"Politica de privacidad - Marichis en Madrid\" \/>\n<meta property=\"og:description\" content=\"[et_pb_section fb_built=\u00bb1&#8243; _builder_version=\u00bb4.3.4&#8243;][et_pb_row _builder_version=\u00bb4.3.4&#8243; custom_padding=\u00bb50px|||||\u00bb][et_pb_column type=\u00bb4_4&#8243; _builder_version=\u00bb4.3.4&#8243;][et_pb_text _builder_version=\u00bb4.3.4&#8243; text_text_color=\u00bb#000000&#8243; link_text_color=\u00bb#000000&#8243; header_font=\u00bb|700|||||||\u00bb header_text_color=\u00bb#000000&#8243; header_font_size=\u00bb39px\u00bb header_letter_spacing=\u00bb2px\u00bb header_line_height=\u00bb1.2em\u00bb header_2_text_color=\u00bb#000000&#8243; custom_padding=\u00bb63px|||||\u00bb] Pol\u00edtica de Privacidad &nbsp; En cumplimiento del art\u00edculo 10 de la Ley 34\/2002, de 11 de julio, de servicios de la Sociedad de la Informaci\u00f3n y Comercio Electr\u00f3nico, a continuaci\u00f3n se exponen los datos identificativos del Titular: Web: [&hellip;]\" \/>\n<meta property=\"og:url\" content=\"https:\/\/mariachiveracruz.es\/index.php\/politica-de-privacidad\/\" \/>\n<meta property=\"og:site_name\" content=\"Marichis en Madrid\" \/>\n<meta property=\"article:modified_time\" content=\"2020-11-19T12:18:11+00:00\" \/>\n<meta name=\"twitter:card\" content=\"summary_large_image\" \/>\n<meta name=\"twitter:label1\" content=\"Tiempo de lectura\" \/>\n\t<meta name=\"twitter:data1\" content=\"11 minutos\" \/>\n<script type=\"application\/ld+json\" class=\"yoast-schema-graph\">{\"@context\":\"https:\\\/\\\/schema.org\",\"@graph\":[{\"@type\":\"WebPage\",\"@id\":\"https:\\\/\\\/mariachiveracruz.es\\\/index.php\\\/politica-de-privacidad\\\/\",\"url\":\"https:\\\/\\\/mariachiveracruz.es\\\/index.php\\\/politica-de-privacidad\\\/\",\"name\":\"Politica de privacidad - Marichis en Madrid\",\"isPartOf\":{\"@id\":\"https:\\\/\\\/mariachiveracruz.es\\\/#website\"},\"datePublished\":\"2020-03-11T15:21:12+00:00\",\"dateModified\":\"2020-11-19T12:18:11+00:00\",\"breadcrumb\":{\"@id\":\"https:\\\/\\\/mariachiveracruz.es\\\/index.php\\\/politica-de-privacidad\\\/#breadcrumb\"},\"inLanguage\":\"es\",\"potentialAction\":[{\"@type\":\"ReadAction\",\"target\":[\"https:\\\/\\\/mariachiveracruz.es\\\/index.php\\\/politica-de-privacidad\\\/\"]}]},{\"@type\":\"BreadcrumbList\",\"@id\":\"https:\\\/\\\/mariachiveracruz.es\\\/index.php\\\/politica-de-privacidad\\\/#breadcrumb\",\"itemListElement\":[{\"@type\":\"ListItem\",\"position\":1,\"name\":\"Portada\",\"item\":\"https:\\\/\\\/mariachiveracruz.es\\\/\"},{\"@type\":\"ListItem\",\"position\":2,\"name\":\"Politica de privacidad\"}]},{\"@type\":\"WebSite\",\"@id\":\"https:\\\/\\\/mariachiveracruz.es\\\/#website\",\"url\":\"https:\\\/\\\/mariachiveracruz.es\\\/\",\"name\":\"Marichis en Madrid\",\"description\":\"Mariachis de Madrid a precios imbatibles\",\"potentialAction\":[{\"@type\":\"SearchAction\",\"target\":{\"@type\":\"EntryPoint\",\"urlTemplate\":\"https:\\\/\\\/mariachiveracruz.es\\\/?s={search_term_string}\"},\"query-input\":{\"@type\":\"PropertyValueSpecification\",\"valueRequired\":true,\"valueName\":\"search_term_string\"}}],\"inLanguage\":\"es\"}]}<\/script>\n<!-- \/ Yoast SEO plugin. -->","yoast_head_json":{"title":"Politica de privacidad - Marichis en Madrid","robots":{"index":"noindex","follow":"nofollow"},"og_locale":"es_ES","og_type":"article","og_title":"Politica de privacidad - Marichis en Madrid","og_description":"[et_pb_section fb_built=\u00bb1&#8243; _builder_version=\u00bb4.3.4&#8243;][et_pb_row _builder_version=\u00bb4.3.4&#8243; custom_padding=\u00bb50px|||||\u00bb][et_pb_column type=\u00bb4_4&#8243; _builder_version=\u00bb4.3.4&#8243;][et_pb_text _builder_version=\u00bb4.3.4&#8243; text_text_color=\u00bb#000000&#8243; link_text_color=\u00bb#000000&#8243; header_font=\u00bb|700|||||||\u00bb header_text_color=\u00bb#000000&#8243; header_font_size=\u00bb39px\u00bb header_letter_spacing=\u00bb2px\u00bb header_line_height=\u00bb1.2em\u00bb header_2_text_color=\u00bb#000000&#8243; custom_padding=\u00bb63px|||||\u00bb] Pol\u00edtica de Privacidad &nbsp; En cumplimiento del art\u00edculo 10 de la Ley 34\/2002, de 11 de julio, de servicios de la Sociedad de la Informaci\u00f3n y Comercio Electr\u00f3nico, a continuaci\u00f3n se exponen los datos identificativos del Titular: Web: [&hellip;]","og_url":"https:\/\/mariachiveracruz.es\/index.php\/politica-de-privacidad\/","og_site_name":"Marichis en Madrid","article_modified_time":"2020-11-19T12:18:11+00:00","twitter_card":"summary_large_image","twitter_misc":{"Tiempo de lectura":"11 minutos"},"schema":{"@context":"https:\/\/schema.org","@graph":[{"@type":"WebPage","@id":"https:\/\/mariachiveracruz.es\/index.php\/politica-de-privacidad\/","url":"https:\/\/mariachiveracruz.es\/index.php\/politica-de-privacidad\/","name":"Politica de privacidad - Marichis en Madrid","isPartOf":{"@id":"https:\/\/mariachiveracruz.es\/#website"},"datePublished":"2020-03-11T15:21:12+00:00","dateModified":"2020-11-19T12:18:11+00:00","breadcrumb":{"@id":"https:\/\/mariachiveracruz.es\/index.php\/politica-de-privacidad\/#breadcrumb"},"inLanguage":"es","potentialAction":[{"@type":"ReadAction","target":["https:\/\/mariachiveracruz.es\/index.php\/politica-de-privacidad\/"]}]},{"@type":"BreadcrumbList","@id":"https:\/\/mariachiveracruz.es\/index.php\/politica-de-privacidad\/#breadcrumb","itemListElement":[{"@type":"ListItem","position":1,"name":"Portada","item":"https:\/\/mariachiveracruz.es\/"},{"@type":"ListItem","position":2,"name":"Politica de privacidad"}]},{"@type":"WebSite","@id":"https:\/\/mariachiveracruz.es\/#website","url":"https:\/\/mariachiveracruz.es\/","name":"Marichis en Madrid","description":"Mariachis de Madrid a precios imbatibles","potentialAction":[{"@type":"SearchAction","target":{"@type":"EntryPoint","urlTemplate":"https:\/\/mariachiveracruz.es\/?s={search_term_string}"},"query-input":{"@type":"PropertyValueSpecification","valueRequired":true,"valueName":"search_term_string"}}],"inLanguage":"es"}]}},"_links":{"self":[{"href":"https:\/\/mariachiveracruz.es\/index.php\/wp-json\/wp\/v2\/pages\/374","targetHints":{"allow":["GET"]}}],"collection":[{"href":"https:\/\/mariachiveracruz.es\/index.php\/wp-json\/wp\/v2\/pages"}],"about":[{"href":"https:\/\/mariachiveracruz.es\/index.php\/wp-json\/wp\/v2\/types\/page"}],"author":[{"embeddable":true,"href":"https:\/\/mariachiveracruz.es\/index.php\/wp-json\/wp\/v2\/users\/1"}],"replies":[{"embeddable":true,"href":"https:\/\/mariachiveracruz.es\/index.php\/wp-json\/wp\/v2\/comments?post=374"}],"version-history":[{"count":20,"href":"https:\/\/mariachiveracruz.es\/index.php\/wp-json\/wp\/v2\/pages\/374\/revisions"}],"predecessor-version":[{"id":1612,"href":"https:\/\/mariachiveracruz.es\/index.php\/wp-json\/wp\/v2\/pages\/374\/revisions\/1612"}],"wp:attachment":[{"href":"https:\/\/mariachiveracruz.es\/index.php\/wp-json\/wp\/v2\/media?parent=374"}],"curies":[{"name":"wp","href":"https:\/\/api.w.org\/{rel}","templated":true}]}}